{"id":191,"date":"2025-05-13T21:05:54","date_gmt":"2025-05-13T21:05:54","guid":{"rendered":"https:\/\/ak-studio.online\/?page_id=191"},"modified":"2025-05-26T13:14:29","modified_gmt":"2025-05-26T13:14:29","slug":"impressum","status":"publish","type":"page","link":"https:\/\/ak-studio.online\/en\/impressum\/","title":{"rendered":"Impressum"},"content":{"rendered":"<div data-elementor-type=\"wp-page\" data-elementor-id=\"191\" class=\"elementor elementor-191\" data-elementor-post-type=\"page\">\n\t\t\t\t<div class=\"elementor-element elementor-element-59f6565 e-flex e-con-boxed e-con e-parent\" data-id=\"59f6565\" data-element_type=\"container\" data-e-type=\"container\">\n\t\t\t\t\t<div class=\"e-con-inner\">\n\t\t\t\t<div class=\"elementor-element elementor-element-0eb6407 elementor-widget elementor-widget-heading\" data-id=\"0eb6407\" data-element_type=\"widget\" data-e-type=\"widget\" data-widget_type=\"heading.default\">\n\t\t\t\t<div class=\"elementor-widget-container\">\n\t\t\t\t\t<h1 class=\"elementor-heading-title elementor-size-default\">Impressum<\/h1>\t\t\t\t<\/div>\n\t\t\t\t<\/div>\n\t\t\t\t<div class=\"elementor-element elementor-element-9ff81a6 elementor-widget elementor-widget-text-editor\" data-id=\"9ff81a6\" data-element_type=\"widget\" data-e-type=\"widget\" data-widget_type=\"text-editor.default\">\n\t\t\t\t<div class=\"elementor-widget-container\">\n\t\t\t\t\t\t\t\t\t<p class=\"\" data-start=\"308\" data-end=\"359\"><strong data-start=\"308\" data-end=\"359\">Angaben gem\u00e4\u00df \u00a7 5 ECG \/ \u00a7 24 MedienG \/ \u00a7 14 UGB<\/strong><\/p>\n<p class=\"\" data-start=\"361\" data-end=\"458\"><strong data-start=\"361\" data-end=\"378\">Anna Kolisnyk<\/strong><br data-start=\"378\" data-end=\"381\">AK Studio \u2013 Werbeagentur<br data-start=\"405\" data-end=\"408\">Brandjochstra\u00dfe 2b<br data-start=\"426\" data-end=\"429\">6020 Innsbruck<br data-start=\"443\" data-end=\"446\">\u00d6sterreich<\/p>\n<p class=\"\" data-start=\"460\" data-end=\"543\">Tel: +43 677 64280750<br data-start=\"481\" data-end=\"484\">E-Mail: <a class=\"cursor-pointer\" rel=\"noopener\" data-start=\"492\" data-end=\"513\">info@ak-studio.online<\/a><br data-start=\"513\" data-end=\"516\">Web: <a class=\"\" href=\"https:\/\/ak-studio.online\/en\/\" target=\"_new\" rel=\"noopener\" data-start=\"521\" data-end=\"541\">www.ak-studio.online<\/a><\/p>\n<p class=\"\" data-start=\"545\" data-end=\"680\">Mitglied der Wirtschaftskammer Tirol<br data-start=\"581\" data-end=\"584\">Fachgruppe Werbung und Marktkommunikation<br data-start=\"625\" data-end=\"628\">Beh\u00f6rde gem. ECG: Bezirkshauptmannschaft Innsbruck<\/p><p class=\"\" data-start=\"545\" data-end=\"680\"><span data-start=\"513\" data-end=\"528\" style=\"font-weight: bolder;\">UID-Nummer:<\/span>&nbsp;ATU82126389<\/p>\n<p class=\"\" data-start=\"682\" data-end=\"821\"><strong data-start=\"682\" data-end=\"709\">Unternehmensgegenstand:<\/strong><br data-start=\"709\" data-end=\"712\">Werbeagentur \u2013 Dienstleistungen in den Bereichen Webdesign, Branding, Grafikdesign und digitale Kommunikation<\/p>\n<p class=\"\" data-start=\"927\" data-end=\"1135\"><strong data-start=\"927\" data-end=\"950\">Haftungsausschluss:<\/strong><br data-start=\"950\" data-end=\"953\">Trotz sorgf\u00e4ltiger inhaltlicher Kontrolle \u00fcbernehme ich keine Haftung f\u00fcr Inhalte externer Links. F\u00fcr den Inhalt verlinkter Seiten sind ausschlie\u00dflich deren Betreiber verantwortlich.<\/p>\t\t\t\t\t\t\t\t<\/div>\n\t\t\t\t<\/div>\n\t\t\t\t\t<\/div>\n\t\t\t\t<\/div>\n\t\t\t\t<\/div>","protected":false},"excerpt":{"rendered":"<p>Impressum Angaben gem\u00e4\u00df \u00a7 5 ECG \/ \u00a7 24 MedienG \/ \u00a7 14 UGB Anna KolisnykAK Studio \u2013 WerbeagenturBrandjochstra\u00dfe 2b6020 Innsbruck\u00d6sterreich Tel: +43 677 64280750E-Mail: info@ak-studio.onlineWeb: www.ak-studio.online Mitglied der Wirtschaftskammer TirolFachgruppe Werbung und MarktkommunikationBeh\u00f6rde gem. ECG: Bezirkshauptmannschaft Innsbruck UID-Nummer:&nbsp;ATU82126389 Unternehmensgegenstand:Werbeagentur \u2013 Dienstleistungen in den Bereichen Webdesign, Branding, Grafikdesign und digitale Kommunikation Haftungsausschluss:Trotz sorgf\u00e4ltiger inhaltlicher Kontrolle [&hellip;]<\/p>\n","protected":false},"author":1,"featured_media":0,"parent":0,"menu_order":0,"comment_status":"closed","ping_status":"closed","template":"elementor_header_footer","meta":{"_angie_page":false,"footnotes":""},"class_list":["post-191","page","type-page","status-publish","hentry"],"_links":{"self":[{"href":"https:\/\/ak-studio.online\/en\/wp-json\/wp\/v2\/pages\/191","targetHints":{"allow":["GET"]}}],"collection":[{"href":"https:\/\/ak-studio.online\/en\/wp-json\/wp\/v2\/pages"}],"about":[{"href":"https:\/\/ak-studio.online\/en\/wp-json\/wp\/v2\/types\/page"}],"author":[{"embeddable":true,"href":"https:\/\/ak-studio.online\/en\/wp-json\/wp\/v2\/users\/1"}],"replies":[{"embeddable":true,"href":"https:\/\/ak-studio.online\/en\/wp-json\/wp\/v2\/comments?post=191"}],"version-history":[{"count":5,"href":"https:\/\/ak-studio.online\/en\/wp-json\/wp\/v2\/pages\/191\/revisions"}],"predecessor-version":[{"id":255,"href":"https:\/\/ak-studio.online\/en\/wp-json\/wp\/v2\/pages\/191\/revisions\/255"}],"wp:attachment":[{"href":"https:\/\/ak-studio.online\/en\/wp-json\/wp\/v2\/media?parent=191"}],"curies":[{"name":"wp","href":"https:\/\/api.w.org\/{rel}","templated":true}]}}