{"id":3,"date":"2025-04-27T10:35:44","date_gmt":"2025-04-27T10:35:44","guid":{"rendered":"https:\/\/ak-studio.online\/?page_id=3"},"modified":"2025-05-13T21:05:03","modified_gmt":"2025-05-13T21:05:03","slug":"datenschutz","status":"publish","type":"page","link":"https:\/\/ak-studio.online\/en\/datenschutz\/","title":{"rendered":"Datenschutz"},"content":{"rendered":"<div data-elementor-type=\"wp-page\" data-elementor-id=\"3\" class=\"elementor elementor-3\" data-elementor-post-type=\"page\">\n\t\t\t\t<div class=\"elementor-element elementor-element-20f0be6 e-flex e-con-boxed e-con e-parent\" data-id=\"20f0be6\" data-element_type=\"container\" data-e-type=\"container\">\n\t\t\t\t\t<div class=\"e-con-inner\">\n\t\t\t\t<div class=\"elementor-element elementor-element-f21b2ac elementor-widget elementor-widget-heading\" data-id=\"f21b2ac\" data-element_type=\"widget\" data-e-type=\"widget\" data-widget_type=\"heading.default\">\n\t\t\t\t<div class=\"elementor-widget-container\">\n\t\t\t\t\t<h1 class=\"elementor-heading-title elementor-size-default\">Datenschutzerkl\u00e4rung<\/h1>\t\t\t\t<\/div>\n\t\t\t\t<\/div>\n\t\t\t\t<div class=\"elementor-element elementor-element-c97b7ec elementor-widget elementor-widget-text-editor\" data-id=\"c97b7ec\" data-element_type=\"widget\" data-e-type=\"widget\" data-widget_type=\"text-editor.default\">\n\t\t\t\t<div class=\"elementor-widget-container\">\n\t\t\t\t\t\t\t\t\t<h3 class=\"\" data-start=\"1190\" data-end=\"1205\">Allgemeines<\/h3>\n<p class=\"\" data-start=\"1206\" data-end=\"1505\">Der Schutz Ihrer pers\u00f6nlichen Daten ist mir ein besonderes Anliegen. Ich verarbeite Ihre Daten ausschlie\u00dflich auf Grundlage der gesetzlichen Bestimmungen (DSGVO, TKG 2003). In dieser Datenschutzerkl\u00e4rung informiere ich Sie \u00fcber die wichtigsten Aspekte der Datenverarbeitung im Rahmen meiner Website.<\/p>\n<hr class=\"\" data-start=\"1507\" data-end=\"1510\" \/>\n<h3 class=\"\" data-start=\"1512\" data-end=\"1531\">Kontakt mit mir<\/h3>\n<p class=\"\" data-start=\"1532\" data-end=\"1781\">Wenn Sie per Formular auf der Website oder per E-Mail Kontakt mit mir aufnehmen, werden Ihre angegebenen Daten zwecks Bearbeitung der Anfrage und f\u00fcr den Fall von Anschlussfragen gespeichert. Diese Daten gebe ich nicht ohne Ihre Einwilligung weiter.<\/p>\n<hr class=\"\" data-start=\"1783\" data-end=\"1786\" \/>\n<h3 class=\"\" data-start=\"1788\" data-end=\"1799\">Cookies<\/h3>\n<p class=\"\" data-start=\"1800\" data-end=\"2049\">Diese Website verwendet Cookies, um die Benutzerfreundlichkeit zu verbessern und bestimmte Funktionen zu erm\u00f6glichen. Die Verwaltung der Cookies erfolgt \u00fcber das Plugin <strong data-start=\"1969\" data-end=\"1982\">CookieYes<\/strong>, das beim ersten Besuch der Seite ein Einwilligungsbanner anzeigt.<\/p>\n<p class=\"\" data-start=\"2051\" data-end=\"2256\">Sie k\u00f6nnen dort festlegen, welche Cookies gespeichert werden d\u00fcrfen. Ihre Zustimmung oder Ablehnung wird dokumentiert und kann jederzeit \u00fcber das Cookie-Symbol im unteren Bereich der Seite ge\u00e4ndert werden.<\/p>\n<hr class=\"\" data-start=\"2258\" data-end=\"2261\" \/>\n<h3 class=\"\" data-start=\"2263\" data-end=\"2282\">Server-Logfiles<\/h3>\n<p class=\"\" data-start=\"2283\" data-end=\"2444\">Der Provider der Website erhebt und speichert automatisch Informationen in sogenannten Server-Logfiles, die Ihr Browser automatisch \u00fcbermittelt. Dies sind z.\u202fB.:<\/p>\n<ul data-start=\"2445\" data-end=\"2613\">\n<li class=\"\" data-start=\"2445\" data-end=\"2476\">\n<p class=\"\" data-start=\"2447\" data-end=\"2476\">Browsertyp und Browserversion<\/p>\n<\/li>\n<li class=\"\" data-start=\"2477\" data-end=\"2505\">\n<p class=\"\" data-start=\"2479\" data-end=\"2505\">verwendetes Betriebssystem<\/p>\n<\/li>\n<li class=\"\" data-start=\"2506\" data-end=\"2520\">\n<p class=\"\" data-start=\"2508\" data-end=\"2520\">Referrer URL<\/p>\n<\/li>\n<li class=\"\" data-start=\"2521\" data-end=\"2557\">\n<p class=\"\" data-start=\"2523\" data-end=\"2557\">Hostname des zugreifenden Rechners<\/p>\n<\/li>\n<li class=\"\" data-start=\"2558\" data-end=\"2585\">\n<p class=\"\" data-start=\"2560\" data-end=\"2585\">Uhrzeit der Serveranfrage<\/p>\n<\/li>\n<li class=\"\" data-start=\"2586\" data-end=\"2613\">\n<p class=\"\" data-start=\"2588\" data-end=\"2613\">IP-Adresse (anonymisiert)<\/p>\n<\/li>\n<\/ul>\n<p class=\"\" data-start=\"2615\" data-end=\"2727\">Diese Daten sind nicht bestimmten Personen zuordenbar und werden nicht mit anderen Datenquellen zusammengef\u00fchrt.<\/p>\n<hr class=\"\" data-start=\"2729\" data-end=\"2732\" \/>\n<h3 class=\"\" data-start=\"2734\" data-end=\"2749\">Ihre Rechte<\/h3>\n<p class=\"\" data-start=\"2750\" data-end=\"3023\">Sie haben das Recht auf Auskunft, Berichtigung, L\u00f6schung, Einschr\u00e4nkung, Daten\u00fcbertragbarkeit sowie Widerspruch. Wenn Sie glauben, dass die Verarbeitung Ihrer Daten gegen das Datenschutzrecht verst\u00f6\u00dft, k\u00f6nnen Sie sich bei der \u00f6sterreichischen Datenschutzbeh\u00f6rde beschweren.<\/p>\n<hr class=\"\" data-start=\"3025\" data-end=\"3028\" \/>\n<p class=\"\" data-start=\"3030\" data-end=\"3113\"><strong data-start=\"3030\" data-end=\"3073\">Verantwortlich f\u00fcr Datenschutzanfragen:<\/strong><br data-start=\"3073\" data-end=\"3076\" \/>Anna Kolisnyk<br data-start=\"3089\" data-end=\"3092\" \/><a class=\"cursor-pointer\" rel=\"noopener\" data-start=\"3092\" data-end=\"3113\">info@ak-studio.online<\/a><\/p>\t\t\t\t\t\t\t\t<\/div>\n\t\t\t\t<\/div>\n\t\t\t\t\t<\/div>\n\t\t\t\t<\/div>\n\t\t\t\t<\/div>","protected":false},"excerpt":{"rendered":"<p>Datenschutzerkl\u00e4rung Allgemeines Der Schutz Ihrer pers\u00f6nlichen Daten ist mir ein besonderes Anliegen. Ich verarbeite Ihre Daten ausschlie\u00dflich auf Grundlage der gesetzlichen Bestimmungen (DSGVO, TKG 2003). In dieser Datenschutzerkl\u00e4rung informiere ich Sie \u00fcber die wichtigsten Aspekte der Datenverarbeitung im Rahmen meiner Website. Kontakt mit mir Wenn Sie per Formular auf der Website oder per E-Mail Kontakt [&hellip;]<\/p>\n","protected":false},"author":1,"featured_media":0,"parent":0,"menu_order":0,"comment_status":"closed","ping_status":"closed","template":"","meta":{"_angie_page":false,"footnotes":""},"class_list":["post-3","page","type-page","status-publish","hentry"],"_links":{"self":[{"href":"https:\/\/ak-studio.online\/en\/wp-json\/wp\/v2\/pages\/3","targetHints":{"allow":["GET"]}}],"collection":[{"href":"https:\/\/ak-studio.online\/en\/wp-json\/wp\/v2\/pages"}],"about":[{"href":"https:\/\/ak-studio.online\/en\/wp-json\/wp\/v2\/types\/page"}],"author":[{"embeddable":true,"href":"https:\/\/ak-studio.online\/en\/wp-json\/wp\/v2\/users\/1"}],"replies":[{"embeddable":true,"href":"https:\/\/ak-studio.online\/en\/wp-json\/wp\/v2\/comments?post=3"}],"version-history":[{"count":4,"href":"https:\/\/ak-studio.online\/en\/wp-json\/wp\/v2\/pages\/3\/revisions"}],"predecessor-version":[{"id":190,"href":"https:\/\/ak-studio.online\/en\/wp-json\/wp\/v2\/pages\/3\/revisions\/190"}],"wp:attachment":[{"href":"https:\/\/ak-studio.online\/en\/wp-json\/wp\/v2\/media?parent=3"}],"curies":[{"name":"wp","href":"https:\/\/api.w.org\/{rel}","templated":true}]}}